{"id":376,"date":"2023-01-27T10:59:36","date_gmt":"2023-01-27T10:59:36","guid":{"rendered":"https:\/\/vagaluna.it\/parceiros-e-colaboracoes\/"},"modified":"2024-05-19T15:02:59","modified_gmt":"2024-05-19T15:02:59","slug":"parceiros-e-colaboracoes","status":"publish","type":"page","link":"https:\/\/vagaluna.it\/pt-br\/parceiros-e-colaboracoes\/","title":{"rendered":"Parceiros e Colabora\u00e7\u00f5es"},"content":{"rendered":"<p>[et_pb_section fb_built=&#8221;1&#8243; custom_padding_last_edited=&#8221;on|tablet&#8221; admin_label=&#8221;Packages&#8221; _builder_version=&#8221;4.19.5&#8243; custom_padding=&#8221;110px||110px|&#8221; custom_padding_tablet=&#8221;0px||0px|&#8221; custom_padding_phone=&#8221;&#8221; global_colors_info=&#8221;{}&#8221;][et_pb_row custom_padding_last_edited=&#8221;on|phone&#8221; admin_label=&#8221;T\u00edtulo dos pacotes&#8221; _builder_version=&#8221;4.19.5&#8243; custom_padding=&#8221;30px|0px|120px|0px&#8221; custom_padding_tablet=&#8221;60px||0px|&#8221; custom_padding_phone=&#8221;&#8221; locked=&#8221;off&#8221; global_colors_info=&#8221;{}&#8221;][et_pb_column type=&#8221;4_4&#8243; _builder_version=&#8221;4.16&#8243; custom_padding=&#8221;|||&#8221; global_colors_info=&#8221;{}&#8221; custom_padding__hover=&#8221;|||&#8221;][et_pb_text _builder_version=&#8221;4.19.5&#8243; text_font=&#8221;||||&#8221; text_text_color=&#8221;#1a1a1a&#8221; header_font=&#8221;Oswald|on||on|&#8221; header_text_align=&#8221;center&#8221; header_font_size=&#8221;60px&#8221; header_line_height=&#8221;1.3em&#8221; module_alignment=&#8221;center&#8221; custom_margin=&#8221;|||&#8221; custom_padding=&#8221;|||&#8221; animation_style=&#8221;slide&#8221; animation_direction=&#8221;top&#8221; animation_intensity_slide=&#8221;10%&#8221; locked=&#8221;off&#8221; global_colors_info=&#8221;{}&#8221;]<\/p>\n<h1>Colabora\u00e7\u00f5es<\/h1>\n<p>[\/et_pb_text][et_pb_divider color=&#8221;#6b0008&#8243; divider_position=&#8221;center&#8221; divider_weight=&#8221;3px&#8221; disabled_on=&#8221;off|off|off&#8221; _builder_version=&#8221;4.19.4&#8243; max_width=&#8221;150px&#8221; module_alignment=&#8221;center&#8221; height=&#8221;false&#8221; custom_margin=&#8221;30px|||&#8221; animation_style=&#8221;slide&#8221; animation_direction=&#8221;top&#8221; animation_delay=&#8221;100ms&#8221; animation_intensity_slide=&#8221;10%&#8221; locked=&#8221;off&#8221; global_colors_info=&#8221;{}&#8221;][\/et_pb_divider][et_pb_text admin_label=&#8221;Description&#8221; _builder_version=&#8221;4.19.5&#8243; text_font=&#8221;Roboto||||&#8221; text_font_size=&#8221;16px&#8221; text_line_height=&#8221;1.8em&#8221; background_size=&#8221;initial&#8221; background_position=&#8221;top_left&#8221; background_repeat=&#8221;repeat&#8221; animation_style=&#8221;zoom&#8221; animation_direction=&#8221;left&#8221; animation_delay=&#8221;100ms&#8221; animation_intensity_zoom=&#8221;10%&#8221; global_colors_info=&#8221;{}&#8221;]<\/p>\n<p>Vagaluna est\u00e1 dispon\u00edvel para colabora\u00e7\u00f5es com associa\u00e7\u00f5es, funda\u00e7\u00f5es, empresas, universidades e outras organiza\u00e7\u00f5es<br \/>com o objetivo de realizar projetos conjuntos e acolher estagi\u00e1rios e volunt\u00e1rios*.<\/p>\n<p>Para informa\u00e7\u00f5es: info@vagaluna.it<\/p>\n<p>* inscri\u00e7\u00e3o volunt\u00e1rio\/esatgi\u00e1rios: por favor indique: Nome \u2013 Sobrenome \u2013 Email \u2013 Telefone \u2013 Cidade de resid\u00eancia<\/p>\n<p>[\/et_pb_text][\/et_pb_column][\/et_pb_row][et_pb_row admin_label=&#8221;pacote&#8221; _builder_version=&#8221;4.19.5&#8243; background_size=&#8221;initial&#8221; background_position=&#8221;top_left&#8221; background_repeat=&#8221;repeat&#8221; global_colors_info=&#8221;{}&#8221;][et_pb_column type=&#8221;4_4&#8243; _builder_version=&#8221;4.16&#8243; custom_padding=&#8221;|||&#8221; global_colors_info=&#8221;{}&#8221; custom_padding__hover=&#8221;|||&#8221;][et_pb_text admin_label=&#8221;Package Title&#8221; _builder_version=&#8221;4.19.5&#8243; text_font=&#8221;Oswald||||&#8221; text_text_color=&#8221;#6b0008&#8243; text_font_size=&#8221;24px&#8221; background_size=&#8221;initial&#8221; background_position=&#8221;top_left&#8221; background_repeat=&#8221;repeat&#8221; animation_style=&#8221;zoom&#8221; animation_direction=&#8221;left&#8221; animation_intensity_zoom=&#8221;10%&#8221; global_colors_info=&#8221;{}&#8221;]<\/p>\n<p>PARCERIAS E COLABORA\u00c7\u00d5ES<\/p>\n<p>[\/et_pb_text][\/et_pb_column][\/et_pb_row][et_pb_row admin_label=&#8221;pacote&#8221; _builder_version=&#8221;4.16&#8243; background_size=&#8221;initial&#8221; background_position=&#8221;top_left&#8221; background_repeat=&#8221;repeat&#8221; global_colors_info=&#8221;{}&#8221;][et_pb_column type=&#8221;4_4&#8243; _builder_version=&#8221;4.16&#8243; custom_padding=&#8221;|||&#8221; global_colors_info=&#8221;{}&#8221; custom_padding__hover=&#8221;|||&#8221;][et_pb_text admin_label=&#8221;Description&#8221; _builder_version=&#8221;4.25.1&#8243; text_font=&#8221;Roboto||||&#8221; text_font_size=&#8221;16px&#8221; text_line_height=&#8221;1.8em&#8221; background_size=&#8221;initial&#8221; background_position=&#8221;top_left&#8221; background_repeat=&#8221;repeat&#8221; animation_style=&#8221;zoom&#8221; animation_direction=&#8221;left&#8221; animation_delay=&#8221;100ms&#8221; animation_intensity_zoom=&#8221;10%&#8221; hover_enabled=&#8221;0&#8243; global_colors_info=&#8221;{}&#8221; sticky_enabled=&#8221;0&#8243;]<\/p>\n<p>Entre as v\u00e1rias colabora\u00e7\u00f5es ligadas ao cinema brasileiro, realizadas desde a sua funda\u00e7\u00e3o, est\u00e3o:<\/p>\n<ul>\n<li><strong>Festival Docucity<\/strong> \u2013 documentare la citt\u00e0, 2013;<\/li>\n<li><strong>Festival Brasiliano<\/strong>, Bergamo, 2013;<\/li>\n<li><strong>Mostra Operazione Lieta<\/strong>, Brescia, 2013.<\/li>\n<li><strong>Brasile Festival di Bologna,<\/strong> 2013 e 2017;<\/li>\n<li><strong>Centro Culturale dell&#8217;Ambasciata di Roma<\/strong>, 2015;<\/li>\n<li><strong>Festival Scoprir<\/strong>, Roma, 2016;<\/li>\n<li><strong>Festival Linea d&#8217;Ombra<\/strong>, Salerno, 2016;<\/li>\n<li><strong>Mostra Italiani sull&#8217;Oceano,<\/strong> MUDEC, Milano, 2016;<\/li>\n<li><strong>Festival I bambini di Truffaut<\/strong>, Bari, 2016;<\/li>\n<li><strong>Bari Brasil Film Fest<\/strong>, em colabora\u00e7\u00e3o com a Associazione Culturale Abaporu, desde 2016;<\/li>\n<li><strong>Lake Como Film Nights<\/strong>, Como, 2020;<\/li>\n<li><strong>Agenda Brasil all\u2019Isola del Cinema<\/strong>, Roma, 2022.<\/li>\n<li>Co-organiza\u00e7\u00e3o de <strong>Lusomovies<\/strong>, festival de curtametragens em l\u00edngua portuguesa, Roma, desde 2022.<\/li>\n<\/ul>\n<p>&nbsp;<\/p>\n<p>Outros projetos:<\/p>\n<ul>\n<li>Participa\u00e7\u00e3o e promo\u00e7\u00e3o do evento <strong>Sentiero d&#8217;arte<\/strong> 2012 e 2013 com o espet\u00e1culo Simple &#8211; suoni e immagini per sognatori di passaggio e com a exposi\u00e7\u00e3o <strong>Grace Roule Hot<\/strong>, de Rinaldo Donati;<\/li>\n<li>Participa\u00e7\u00e3o no <strong>Festival Sguardi Altrove<\/strong> com a exposi\u00e7\u00e3o fotogr\u00e1fica RionoiR, de Rinaldo Donati, e apresenta\u00e7\u00e3o do livro &#8216;Io sono Favela&#8217;, Triennale di Milano, 2014;<\/li>\n<li>Organiza\u00e7\u00e3o da exposi\u00e7\u00e3o fotogr\u00e1fica <strong>Xixua\u00fa Livre<\/strong>, com curadoria de Tiziana Faraoni, no Festival Brasiliano di Bologna, na Casa delle Culture del Mondo (Mil\u00e3o), no Festival Latinoamericando (Mil\u00e3o) e no Festival Brasiliano di Bergamo, em colabora\u00e7\u00e3o com Amaz\u00f4nia ETS, de 2014 a 2016;<\/li>\n<li>Participa\u00e7\u00e3o no <strong>Festival Internazionale di Poesia<\/strong>, MUDEC Museo delle Culture, Mil\u00e3o, 2017;<\/li>\n<li>Co-organiza\u00e7\u00e3o da exposi\u00e7\u00e3o Grace Roule Hot, de Rinaldo Donati, no \u2018400\u2019, Mil\u00e3o, 2016, no Parco Nocivelli, Verola Nuova, 2016 e no Palazzo Bocconi, Mil\u00e3o 2018;<\/li>\n<li>Parceria com <strong>Maxine Studio<\/strong> nos eventos Live@Maxine, Mil\u00e3o 2017 e 2018;<\/li>\n<li>Encontro sobre o cinema brasileiro no feminino, <strong>Biblioteca Civica Cologno Monzese<\/strong>, 2020;<\/li>\n<li>Participa\u00e7\u00e3o no \u2018Cinema e Incontro, un dialogo interculturale\u2019, no 30\u00b0 <strong>Festival del Cinema africano, d\u2019Asia e America Latina<\/strong>, em colabora\u00e7\u00e3o com a Associazione Cubeart, Mii\u00e3o, 2021;<\/li>\n<li>Participa\u00e7\u00e3o no encontro \u2018Marielle e Monica\u2019, em colabora\u00e7\u00e3o com <strong>Le Donne della Porta Accanto<\/strong>, online, 2021;<\/li>\n<li>\n<p>Encontro \u2018<strong>Il teatro fusionale di Christiana Jatahy<\/strong>&#8216;, em colabora\u00e7\u00e3o com Piccolo Teatro Grassi, 2023.<\/p>\n<\/li>\n<\/ul>\n<p>&nbsp;<\/p>\n<p>[\/et_pb_text][\/et_pb_column][\/et_pb_row][\/et_pb_section][et_pb_section fb_built=&#8221;1&#8243; admin_label=&#8221;Promo Section&#8221; _builder_version=&#8221;4.19.4&#8243; background_color=&#8221;rgba(0,0,0,0.5)&#8221; background_image=&#8221;https:\/\/vagaluna.it\/wp-content\/uploads\/2023\/01\/newsletter-vagaluna-1.jpg&#8221; background_blend=&#8221;color&#8221; custom_padding=&#8221;120px||120px|&#8221; global_module=&#8221;184&#8243; saved_tabs=&#8221;all&#8221; global_colors_info=&#8221;{}&#8221;][et_pb_row _builder_version=&#8221;4.22.1&#8243; background_size=&#8221;initial&#8221; background_position=&#8221;top_left&#8221; background_repeat=&#8221;repeat&#8221; custom_margin=&#8221;|||&#8221; global_colors_info=&#8221;{}&#8221;][et_pb_column type=&#8221;4_4&#8243; _builder_version=&#8221;4.16&#8243; custom_padding=&#8221;|||&#8221; global_colors_info=&#8221;{}&#8221; custom_padding__hover=&#8221;|||&#8221;][et_pb_text admin_label=&#8221;CTA Section Subtitle&#8221; _builder_version=&#8221;4.22.1&#8243; text_font=&#8221;Roboto|on||on|&#8221; text_font_size=&#8221;24px&#8221; text_letter_spacing=&#8221;4px&#8221; background_size=&#8221;initial&#8221; background_position=&#8221;top_left&#8221; background_repeat=&#8221;repeat&#8221; background_layout=&#8221;dark&#8221; module_alignment=&#8221;center&#8221; animation_direction=&#8221;left&#8221; global_colors_info=&#8221;{}&#8221;]<\/p>\n<p>Newsletter<\/p>\n<p>[\/et_pb_text][et_pb_divider color=&#8221;#ffffff&#8221; divider_position=&#8221;center&#8221; divider_weight=&#8221;3px&#8221; disabled_on=&#8221;on|on|off%22%22&#8243; _builder_version=&#8221;4.16&#8243; max_width=&#8221;150px&#8221; module_alignment=&#8221;left&#8221; height=&#8221;false&#8221; animation_style=&#8221;zoom&#8221; animation_direction=&#8221;left&#8221; animation_delay=&#8221;200ms&#8221; animation_intensity_zoom=&#8221;20%&#8221; locked=&#8221;off&#8221; global_colors_info=&#8221;{}&#8221;][\/et_pb_divider][et_pb_button button_url=&#8221;https:\/\/vagaluna.it\/pt-br\/newsletter-vagaluna\/&#8221; button_text=&#8221;inscrever-se na newsletter&#8221; button_alignment=&#8221;left&#8221; admin_label=&#8221;Gallery Button&#8221; _builder_version=&#8221;4.22.1&#8243; button_icon=&#8221;&#x24;||divi||400&#8243; button_icon_color=&#8221;#1a1a1a&#8221; background_layout=&#8221;dark&#8221; button_border_color_hover=&#8221;#1a1a1a&#8221; button_border_radius_hover=&#8221;0px&#8221; button_letter_spacing_hover=&#8221;4px&#8221; button_bg_color_hover=&#8221;rgba(0,0,0,0)&#8221; global_colors_info=&#8221;{}&#8221; button_text_size__hover_enabled=&#8221;off&#8221; button_one_text_size__hover_enabled=&#8221;off&#8221; button_two_text_size__hover_enabled=&#8221;off&#8221; button_text_color__hover_enabled=&#8221;off&#8221; button_one_text_color__hover_enabled=&#8221;off&#8221; button_two_text_color__hover_enabled=&#8221;off&#8221; button_border_width__hover_enabled=&#8221;off&#8221; button_one_border_width__hover_enabled=&#8221;off&#8221; button_two_border_width__hover_enabled=&#8221;off&#8221; button_border_color__hover_enabled=&#8221;on&#8221; button_border_color__hover=&#8221;#1a1a1a&#8221; button_one_border_color__hover_enabled=&#8221;off&#8221; button_two_border_color__hover_enabled=&#8221;off&#8221; button_border_radius__hover_enabled=&#8221;on&#8221; button_border_radius__hover=&#8221;0px&#8221; button_one_border_radius__hover_enabled=&#8221;off&#8221; button_two_border_radius__hover_enabled=&#8221;off&#8221; button_letter_spacing__hover_enabled=&#8221;on&#8221; button_letter_spacing__hover=&#8221;4px&#8221; button_one_letter_spacing__hover_enabled=&#8221;off&#8221; button_two_letter_spacing__hover_enabled=&#8221;off&#8221; button_bg_color__hover_enabled=&#8221;on&#8221; button_bg_color__hover=&#8221;rgba(0,0,0,0)&#8221; button_one_bg_color__hover_enabled=&#8221;off&#8221; button_two_bg_color__hover_enabled=&#8221;off&#8221;][\/et_pb_button][\/et_pb_column][\/et_pb_row][\/et_pb_section]<\/p>\n","protected":false},"excerpt":{"rendered":"<p>Colabora\u00e7\u00f5esVagaluna est\u00e1 dispon\u00edvel para colabora\u00e7\u00f5es com associa\u00e7\u00f5es, funda\u00e7\u00f5es, empresas, universidades e outras organiza\u00e7\u00f5escom o objetivo de realizar projetos conjuntos e acolher estagi\u00e1rios e volunt\u00e1rios*. Para informa\u00e7\u00f5es: info@vagaluna.it * inscri\u00e7\u00e3o volunt\u00e1rio\/esatgi\u00e1rios: por favor indique: Nome \u2013 Sobrenome \u2013 Email \u2013 Telefone \u2013 Cidade de resid\u00eanciaPARCERIAS E COLABORA\u00c7\u00d5ESEntre as v\u00e1rias colabora\u00e7\u00f5es ligadas ao cinema brasileiro, realizadas desde [&hellip;]<\/p>\n","protected":false},"author":1,"featured_media":183,"parent":0,"menu_order":0,"comment_status":"closed","ping_status":"closed","template":"","meta":{"_et_pb_use_builder":"on","_et_pb_old_content":"","_et_gb_content_width":"","footnotes":""},"class_list":["post-376","page","type-page","status-publish","has-post-thumbnail","hentry"],"yoast_head":"<!-- This site is optimized with the Yoast SEO plugin v26.9 - https:\/\/yoast.com\/product\/yoast-seo-wordpress\/ -->\n<title>Parceiros e Colabora\u00e7\u00f5es - Vagaluna<\/title>\n<meta name=\"robots\" content=\"index, follow, max-snippet:-1, max-image-preview:large, max-video-preview:-1\" \/>\n<link rel=\"canonical\" href=\"https:\/\/vagaluna.it\/pt-br\/parceiros-e-colaboracoes\/\" \/>\n<meta property=\"og:locale\" content=\"pt_BR\" \/>\n<meta property=\"og:type\" content=\"article\" \/>\n<meta property=\"og:title\" content=\"Parceiros e Colabora\u00e7\u00f5es - Vagaluna\" \/>\n<meta property=\"og:description\" content=\"Colabora\u00e7\u00f5esVagaluna est\u00e1 dispon\u00edvel para colabora\u00e7\u00f5es com associa\u00e7\u00f5es, funda\u00e7\u00f5es, empresas, universidades e outras organiza\u00e7\u00f5escom o objetivo de realizar projetos conjuntos e acolher estagi\u00e1rios e volunt\u00e1rios*. Para informa\u00e7\u00f5es: info@vagaluna.it * inscri\u00e7\u00e3o volunt\u00e1rio\/esatgi\u00e1rios: por favor indique: Nome \u2013 Sobrenome \u2013 Email \u2013 Telefone \u2013 Cidade de resid\u00eanciaPARCERIAS E COLABORA\u00c7\u00d5ESEntre as v\u00e1rias colabora\u00e7\u00f5es ligadas ao cinema brasileiro, realizadas desde [&hellip;]\" \/>\n<meta property=\"og:url\" content=\"https:\/\/vagaluna.it\/pt-br\/parceiros-e-colaboracoes\/\" \/>\n<meta property=\"og:site_name\" content=\"Vagaluna\" \/>\n<meta property=\"article:modified_time\" content=\"2024-05-19T15:02:59+00:00\" \/>\n<meta property=\"og:image\" content=\"https:\/\/vagaluna.it\/wp-content\/uploads\/2023\/01\/newsletter-vagaluna-1.jpg\" \/>\n\t<meta property=\"og:image:width\" content=\"1600\" \/>\n\t<meta property=\"og:image:height\" content=\"867\" \/>\n\t<meta property=\"og:image:type\" content=\"image\/jpeg\" \/>\n<meta name=\"twitter:card\" content=\"summary_large_image\" \/>\n<meta name=\"twitter:label1\" content=\"Est. tempo de leitura\" \/>\n\t<meta name=\"twitter:data1\" content=\"6 minutos\" \/>\n<script type=\"application\/ld+json\" class=\"yoast-schema-graph\">{\"@context\":\"https:\/\/schema.org\",\"@graph\":[{\"@type\":\"WebPage\",\"@id\":\"https:\/\/vagaluna.it\/pt-br\/parceiros-e-colaboracoes\/\",\"url\":\"https:\/\/vagaluna.it\/pt-br\/parceiros-e-colaboracoes\/\",\"name\":\"Parceiros e Colabora\u00e7\u00f5es - Vagaluna\",\"isPartOf\":{\"@id\":\"https:\/\/vagaluna.it\/pt-br\/#website\"},\"primaryImageOfPage\":{\"@id\":\"https:\/\/vagaluna.it\/pt-br\/parceiros-e-colaboracoes\/#primaryimage\"},\"image\":{\"@id\":\"https:\/\/vagaluna.it\/pt-br\/parceiros-e-colaboracoes\/#primaryimage\"},\"thumbnailUrl\":\"https:\/\/vagaluna.it\/wp-content\/uploads\/2023\/01\/newsletter-vagaluna-1.jpg\",\"datePublished\":\"2023-01-27T10:59:36+00:00\",\"dateModified\":\"2024-05-19T15:02:59+00:00\",\"breadcrumb\":{\"@id\":\"https:\/\/vagaluna.it\/pt-br\/parceiros-e-colaboracoes\/#breadcrumb\"},\"inLanguage\":\"pt-BR\",\"potentialAction\":[{\"@type\":\"ReadAction\",\"target\":[\"https:\/\/vagaluna.it\/pt-br\/parceiros-e-colaboracoes\/\"]}]},{\"@type\":\"ImageObject\",\"inLanguage\":\"pt-BR\",\"@id\":\"https:\/\/vagaluna.it\/pt-br\/parceiros-e-colaboracoes\/#primaryimage\",\"url\":\"https:\/\/vagaluna.it\/wp-content\/uploads\/2023\/01\/newsletter-vagaluna-1.jpg\",\"contentUrl\":\"https:\/\/vagaluna.it\/wp-content\/uploads\/2023\/01\/newsletter-vagaluna-1.jpg\",\"width\":1600,\"height\":867},{\"@type\":\"BreadcrumbList\",\"@id\":\"https:\/\/vagaluna.it\/pt-br\/parceiros-e-colaboracoes\/#breadcrumb\",\"itemListElement\":[{\"@type\":\"ListItem\",\"position\":1,\"name\":\"Home\",\"item\":\"https:\/\/vagaluna.it\/pt-br\/home\/\"},{\"@type\":\"ListItem\",\"position\":2,\"name\":\"Parceiros e Colabora\u00e7\u00f5es\"}]},{\"@type\":\"WebSite\",\"@id\":\"https:\/\/vagaluna.it\/pt-br\/#website\",\"url\":\"https:\/\/vagaluna.it\/pt-br\/\",\"name\":\"Vagaluna\",\"description\":\"Vagaluna\",\"publisher\":{\"@id\":\"https:\/\/vagaluna.it\/pt-br\/#organization\"},\"potentialAction\":[{\"@type\":\"SearchAction\",\"target\":{\"@type\":\"EntryPoint\",\"urlTemplate\":\"https:\/\/vagaluna.it\/pt-br\/?s={search_term_string}\"},\"query-input\":{\"@type\":\"PropertyValueSpecification\",\"valueRequired\":true,\"valueName\":\"search_term_string\"}}],\"inLanguage\":\"pt-BR\"},{\"@type\":\"Organization\",\"@id\":\"https:\/\/vagaluna.it\/pt-br\/#organization\",\"name\":\"Vagaluna\",\"url\":\"https:\/\/vagaluna.it\/pt-br\/\",\"logo\":{\"@type\":\"ImageObject\",\"inLanguage\":\"pt-BR\",\"@id\":\"https:\/\/vagaluna.it\/pt-br\/#\/schema\/logo\/image\/\",\"url\":\"https:\/\/vagaluna.it\/wp-content\/uploads\/2023\/01\/cropped-vagaluna_logo_trasparente-2-300x81-1.png\",\"contentUrl\":\"https:\/\/vagaluna.it\/wp-content\/uploads\/2023\/01\/cropped-vagaluna_logo_trasparente-2-300x81-1.png\",\"width\":300,\"height\":81,\"caption\":\"Vagaluna\"},\"image\":{\"@id\":\"https:\/\/vagaluna.it\/pt-br\/#\/schema\/logo\/image\/\"}}]}<\/script>\n<!-- \/ Yoast SEO plugin. -->","yoast_head_json":{"title":"Parceiros e Colabora\u00e7\u00f5es - Vagaluna","robots":{"index":"index","follow":"follow","max-snippet":"max-snippet:-1","max-image-preview":"max-image-preview:large","max-video-preview":"max-video-preview:-1"},"canonical":"https:\/\/vagaluna.it\/pt-br\/parceiros-e-colaboracoes\/","og_locale":"pt_BR","og_type":"article","og_title":"Parceiros e Colabora\u00e7\u00f5es - Vagaluna","og_description":"Colabora\u00e7\u00f5esVagaluna est\u00e1 dispon\u00edvel para colabora\u00e7\u00f5es com associa\u00e7\u00f5es, funda\u00e7\u00f5es, empresas, universidades e outras organiza\u00e7\u00f5escom o objetivo de realizar projetos conjuntos e acolher estagi\u00e1rios e volunt\u00e1rios*. Para informa\u00e7\u00f5es: info@vagaluna.it * inscri\u00e7\u00e3o volunt\u00e1rio\/esatgi\u00e1rios: por favor indique: Nome \u2013 Sobrenome \u2013 Email \u2013 Telefone \u2013 Cidade de resid\u00eanciaPARCERIAS E COLABORA\u00c7\u00d5ESEntre as v\u00e1rias colabora\u00e7\u00f5es ligadas ao cinema brasileiro, realizadas desde [&hellip;]","og_url":"https:\/\/vagaluna.it\/pt-br\/parceiros-e-colaboracoes\/","og_site_name":"Vagaluna","article_modified_time":"2024-05-19T15:02:59+00:00","og_image":[{"width":1600,"height":867,"url":"https:\/\/vagaluna.it\/wp-content\/uploads\/2023\/01\/newsletter-vagaluna-1.jpg","type":"image\/jpeg"}],"twitter_card":"summary_large_image","twitter_misc":{"Est. tempo de leitura":"6 minutos"},"schema":{"@context":"https:\/\/schema.org","@graph":[{"@type":"WebPage","@id":"https:\/\/vagaluna.it\/pt-br\/parceiros-e-colaboracoes\/","url":"https:\/\/vagaluna.it\/pt-br\/parceiros-e-colaboracoes\/","name":"Parceiros e Colabora\u00e7\u00f5es - Vagaluna","isPartOf":{"@id":"https:\/\/vagaluna.it\/pt-br\/#website"},"primaryImageOfPage":{"@id":"https:\/\/vagaluna.it\/pt-br\/parceiros-e-colaboracoes\/#primaryimage"},"image":{"@id":"https:\/\/vagaluna.it\/pt-br\/parceiros-e-colaboracoes\/#primaryimage"},"thumbnailUrl":"https:\/\/vagaluna.it\/wp-content\/uploads\/2023\/01\/newsletter-vagaluna-1.jpg","datePublished":"2023-01-27T10:59:36+00:00","dateModified":"2024-05-19T15:02:59+00:00","breadcrumb":{"@id":"https:\/\/vagaluna.it\/pt-br\/parceiros-e-colaboracoes\/#breadcrumb"},"inLanguage":"pt-BR","potentialAction":[{"@type":"ReadAction","target":["https:\/\/vagaluna.it\/pt-br\/parceiros-e-colaboracoes\/"]}]},{"@type":"ImageObject","inLanguage":"pt-BR","@id":"https:\/\/vagaluna.it\/pt-br\/parceiros-e-colaboracoes\/#primaryimage","url":"https:\/\/vagaluna.it\/wp-content\/uploads\/2023\/01\/newsletter-vagaluna-1.jpg","contentUrl":"https:\/\/vagaluna.it\/wp-content\/uploads\/2023\/01\/newsletter-vagaluna-1.jpg","width":1600,"height":867},{"@type":"BreadcrumbList","@id":"https:\/\/vagaluna.it\/pt-br\/parceiros-e-colaboracoes\/#breadcrumb","itemListElement":[{"@type":"ListItem","position":1,"name":"Home","item":"https:\/\/vagaluna.it\/pt-br\/home\/"},{"@type":"ListItem","position":2,"name":"Parceiros e Colabora\u00e7\u00f5es"}]},{"@type":"WebSite","@id":"https:\/\/vagaluna.it\/pt-br\/#website","url":"https:\/\/vagaluna.it\/pt-br\/","name":"Vagaluna","description":"Vagaluna","publisher":{"@id":"https:\/\/vagaluna.it\/pt-br\/#organization"},"potentialAction":[{"@type":"SearchAction","target":{"@type":"EntryPoint","urlTemplate":"https:\/\/vagaluna.it\/pt-br\/?s={search_term_string}"},"query-input":{"@type":"PropertyValueSpecification","valueRequired":true,"valueName":"search_term_string"}}],"inLanguage":"pt-BR"},{"@type":"Organization","@id":"https:\/\/vagaluna.it\/pt-br\/#organization","name":"Vagaluna","url":"https:\/\/vagaluna.it\/pt-br\/","logo":{"@type":"ImageObject","inLanguage":"pt-BR","@id":"https:\/\/vagaluna.it\/pt-br\/#\/schema\/logo\/image\/","url":"https:\/\/vagaluna.it\/wp-content\/uploads\/2023\/01\/cropped-vagaluna_logo_trasparente-2-300x81-1.png","contentUrl":"https:\/\/vagaluna.it\/wp-content\/uploads\/2023\/01\/cropped-vagaluna_logo_trasparente-2-300x81-1.png","width":300,"height":81,"caption":"Vagaluna"},"image":{"@id":"https:\/\/vagaluna.it\/pt-br\/#\/schema\/logo\/image\/"}}]}},"_links":{"self":[{"href":"https:\/\/vagaluna.it\/pt-br\/wp-json\/wp\/v2\/pages\/376","targetHints":{"allow":["GET"]}}],"collection":[{"href":"https:\/\/vagaluna.it\/pt-br\/wp-json\/wp\/v2\/pages"}],"about":[{"href":"https:\/\/vagaluna.it\/pt-br\/wp-json\/wp\/v2\/types\/page"}],"author":[{"embeddable":true,"href":"https:\/\/vagaluna.it\/pt-br\/wp-json\/wp\/v2\/users\/1"}],"replies":[{"embeddable":true,"href":"https:\/\/vagaluna.it\/pt-br\/wp-json\/wp\/v2\/comments?post=376"}],"version-history":[{"count":9,"href":"https:\/\/vagaluna.it\/pt-br\/wp-json\/wp\/v2\/pages\/376\/revisions"}],"predecessor-version":[{"id":3189,"href":"https:\/\/vagaluna.it\/pt-br\/wp-json\/wp\/v2\/pages\/376\/revisions\/3189"}],"wp:featuredmedia":[{"embeddable":true,"href":"https:\/\/vagaluna.it\/pt-br\/wp-json\/wp\/v2\/media\/183"}],"wp:attachment":[{"href":"https:\/\/vagaluna.it\/pt-br\/wp-json\/wp\/v2\/media?parent=376"}],"curies":[{"name":"wp","href":"https:\/\/api.w.org\/{rel}","templated":true}]}}