{"id":390,"date":"2023-01-27T11:17:51","date_gmt":"2023-01-27T11:17:51","guid":{"rendered":"https:\/\/vagaluna.it\/apoie-nos\/"},"modified":"2024-01-05T15:44:28","modified_gmt":"2024-01-05T15:44:28","slug":"apoie-nos","status":"publish","type":"page","link":"https:\/\/vagaluna.it\/pt-br\/apoie-nos\/","title":{"rendered":"Apoie-nos"},"content":{"rendered":"<p>[et_pb_section fb_built=&#8221;1&#8243; admin_label=&#8221;Hero&#8221; _builder_version=&#8221;4.22.1&#8243; background_color=&#8221;rgba(0,0,0,0.48)&#8221; background_image=&#8221;https:\/\/vagaluna.it\/wp-content\/uploads\/2023\/09\/vagaluna-background-01.jpg&#8221; background_position=&#8221;center_left&#8221; background_blend=&#8221;overlay&#8221; custom_padding=&#8221;110px|||&#8221; global_colors_info=&#8221;{}&#8221;][et_pb_row column_structure=&#8221;1_2,1_2&#8243; use_custom_gutter=&#8221;on&#8221; gutter_width=&#8221;1&#8243; module_class=&#8221; et_pb_row_fullwidth&#8221; _builder_version=&#8221;4.16&#8243; width=&#8221;100%&#8221; width_tablet=&#8221;100%&#8221; width_phone=&#8221;100%&#8221; width_last_edited=&#8221;on|desktop&#8221; max_width=&#8221;100%&#8221; max_width_tablet=&#8221;100%&#8221; max_width_phone=&#8221;100%&#8221; max_width_last_edited=&#8221;on|desktop&#8221; custom_margin=&#8221;|||&#8221; custom_padding=&#8221;|||&#8221; make_fullwidth=&#8221;on&#8221; global_colors_info=&#8221;{}&#8221;][et_pb_column type=&#8221;1_2&#8243; _builder_version=&#8221;4.16&#8243; background_position=&#8221;top_left&#8221; custom_padding=&#8221;|||&#8221; global_colors_info=&#8221;{}&#8221; custom_padding__hover=&#8221;|||&#8221;][\/et_pb_column][et_pb_column type=&#8221;1_2&#8243; _builder_version=&#8221;4.16&#8243; background_position=&#8221;top_left&#8221; custom_padding=&#8221;|10%||10%&#8221; global_colors_info=&#8221;{}&#8221; custom_padding__hover=&#8221;|||&#8221;][et_pb_text admin_label=&#8221;Hero Title&#8221; _builder_version=&#8221;4.16&#8243; text_font=&#8221;||||&#8221; text_text_color=&#8221;#1a1a1a&#8221; header_font=&#8221;Oswald|on||on|&#8221; header_text_align=&#8221;left&#8221; header_font_size=&#8221;60px&#8221; header_line_height=&#8221;1.3em&#8221; background_layout=&#8221;dark&#8221; max_width=&#8221;450px&#8221; custom_margin=&#8221;|||&#8221; custom_padding=&#8221;|||&#8221; animation_style=&#8221;slide&#8221; animation_direction=&#8221;top&#8221; animation_intensity_slide=&#8221;10%&#8221; locked=&#8221;off&#8221; global_colors_info=&#8221;{}&#8221;]<\/p>\n<h1>Apoie-nos<\/h1>\n<p>[\/et_pb_text][et_pb_divider color=&#8221;#ed4441&#8243; divider_position=&#8221;center&#8221; divider_weight=&#8221;3px&#8221; disabled_on=&#8221;on|on|off%22&#8243; _builder_version=&#8221;4.16&#8243; max_width=&#8221;150px&#8221; height=&#8221;false&#8221; custom_margin=&#8221;30px|||&#8221; animation_style=&#8221;slide&#8221; animation_direction=&#8221;top&#8221; animation_delay=&#8221;100ms&#8221; animation_intensity_slide=&#8221;10%&#8221; locked=&#8221;off&#8221; global_colors_info=&#8221;{}&#8221;][\/et_pb_divider][et_pb_text admin_label=&#8221;Hero Sub Title&#8221; _builder_version=&#8221;4.19.5&#8243; text_font=&#8221;Roboto||||&#8221; text_font_size=&#8221;24px&#8221; text_line_height=&#8221;1.4em&#8221; background_size=&#8221;initial&#8221; background_position=&#8221;top_left&#8221; background_repeat=&#8221;repeat&#8221; background_layout=&#8221;dark&#8221; max_width=&#8221;450px&#8221; custom_padding=&#8221;30px|||&#8221; animation_style=&#8221;slide&#8221; animation_direction=&#8221;top&#8221; animation_delay=&#8221;200ms&#8221; animation_intensity_slide=&#8221;10%&#8221; locked=&#8221;off&#8221; global_colors_info=&#8221;{}&#8221;]<\/p>\n<p>Vagaluna conta com o apoio de particulares, empresas e institui\u00e7\u00f5es p\u00fablicas e privadas para a realiza\u00e7\u00e3o dos seus projetos.<\/p>\n<p>[\/et_pb_text][et_pb_text admin_label=&#8221;Hero Text&#8221; _builder_version=&#8221;4.22.1&#8243; text_font=&#8221;Roboto||||&#8221; text_font_size=&#8221;16px&#8221; text_line_height=&#8221;1.9em&#8221; background_size=&#8221;initial&#8221; background_position=&#8221;top_left&#8221; background_repeat=&#8221;repeat&#8221; background_layout=&#8221;dark&#8221; max_width=&#8221;450px&#8221; custom_margin=&#8221;60|||&#8221; custom_padding=&#8221;||60px|&#8221; animation_style=&#8221;slide&#8221; animation_direction=&#8221;top&#8221; animation_delay=&#8221;400ms&#8221; animation_intensity_slide=&#8221;4%&#8221; locked=&#8221;off&#8221; global_colors_info=&#8221;{}&#8221;]<\/p>\n<p>Se voc\u00ea tamb\u00e9m acredita que a cultura \u00e9 um valor fundamental a ser promovido e protegido, apoie Vagaluna.<\/p>\n<p>&nbsp;<\/p>\n<p>[\/et_pb_text][\/et_pb_column][\/et_pb_row][\/et_pb_section][et_pb_section fb_built=&#8221;1&#8243; _builder_version=&#8221;4.16&#8243; parallax=&#8221;on&#8221; custom_padding=&#8221;110px||200px|&#8221; global_colors_info=&#8221;{}&#8221;][et_pb_row _builder_version=&#8221;4.16&#8243; locked=&#8221;off&#8221; global_colors_info=&#8221;{}&#8221;][et_pb_column type=&#8221;4_4&#8243; _builder_version=&#8221;4.16&#8243; custom_padding=&#8221;|||&#8221; global_colors_info=&#8221;{}&#8221; custom_padding__hover=&#8221;|||&#8221;][et_pb_text admin_label=&#8221;Sub Title&#8221; module_id=&#8221;Donaora&#8221; _builder_version=&#8221;4.22.1&#8243; text_font=&#8221;Roboto||||&#8221; text_text_color=&#8221;#1a1a1a&#8221; text_font_size=&#8221;24px&#8221; text_line_height=&#8221;1.4em&#8221; background_size=&#8221;initial&#8221; background_position=&#8221;top_left&#8221; background_repeat=&#8221;repeat&#8221; text_orientation=&#8221;center&#8221; max_width=&#8221;800px&#8221; module_alignment=&#8221;center&#8221; custom_margin=&#8221;|||&#8221; custom_padding=&#8221;30px|||&#8221; animation_style=&#8221;slide&#8221; animation_direction=&#8221;top&#8221; animation_delay=&#8221;200ms&#8221; animation_intensity_slide=&#8221;10%&#8221; locked=&#8221;off&#8221; global_colors_info=&#8221;{}&#8221;]<\/p>\n<p><i><strong>Apoie,<\/strong> junto a n\u00f3s, o cinema independente e a divulga\u00e7\u00e3o da cultura brasileira na It\u00e1lia. <\/i><br \/><strong><i>A sua contribui\u00e7\u00e3o \u00e9 preciosa e n\u00f3s agradecemos de cora\u00e7\u00e3o!<\/i><\/strong><\/p>\n<p>[\/et_pb_text][et_pb_divider color=&#8221;#ed4441&#8243; divider_position=&#8221;center&#8221; divider_weight=&#8221;3px&#8221; disabled_on=&#8221;on|on|off%22&#8243; _builder_version=&#8221;4.16&#8243; max_width=&#8221;150px&#8221; module_alignment=&#8221;center&#8221; height=&#8221;false&#8221; custom_margin=&#8221;30px|||&#8221; animation_style=&#8221;slide&#8221; animation_direction=&#8221;top&#8221; animation_delay=&#8221;100ms&#8221; animation_intensity_slide=&#8221;10%&#8221; locked=&#8221;off&#8221; global_colors_info=&#8221;{}&#8221;][\/et_pb_divider][et_pb_text admin_label=&#8221;Title&#8221; _builder_version=&#8221;4.19.5&#8243; text_font=&#8221;||||&#8221; text_text_color=&#8221;#1a1a1a&#8221; header_font=&#8221;Oswald|on||on|&#8221; header_text_align=&#8221;center&#8221; header_font_size=&#8221;60px&#8221; header_line_height=&#8221;1.3em&#8221; module_alignment=&#8221;center&#8221; custom_margin=&#8221;|||&#8221; custom_padding=&#8221;|||&#8221; animation_style=&#8221;slide&#8221; animation_direction=&#8221;top&#8221; animation_intensity_slide=&#8221;10%&#8221; locked=&#8221;off&#8221; global_colors_info=&#8221;{}&#8221;]<\/p>\n<h1>Como fazer<\/h1>\n<p>[\/et_pb_text][et_pb_divider color=&#8221;#ed4441&#8243; divider_position=&#8221;center&#8221; divider_weight=&#8221;3px&#8221; disabled_on=&#8221;on|on|off%22&#8243; _builder_version=&#8221;4.16&#8243; max_width=&#8221;150px&#8221; module_alignment=&#8221;center&#8221; height=&#8221;false&#8221; custom_margin=&#8221;30px|||&#8221; animation_style=&#8221;slide&#8221; animation_direction=&#8221;top&#8221; animation_delay=&#8221;100ms&#8221; animation_intensity_slide=&#8221;10%&#8221; locked=&#8221;off&#8221; global_colors_info=&#8221;{}&#8221;][\/et_pb_divider][et_pb_text admin_label=&#8221;Sub Title&#8221; _builder_version=&#8221;4.22.1&#8243; text_font=&#8221;Roboto||||&#8221; text_text_color=&#8221;#1a1a1a&#8221; text_font_size=&#8221;24px&#8221; text_line_height=&#8221;1.4em&#8221; background_size=&#8221;initial&#8221; background_position=&#8221;top_left&#8221; background_repeat=&#8221;repeat&#8221; text_orientation=&#8221;center&#8221; max_width=&#8221;800px&#8221; module_alignment=&#8221;center&#8221; custom_margin=&#8221;|||&#8221; custom_padding=&#8221;30px|||&#8221; animation_style=&#8221;slide&#8221; animation_direction=&#8221;top&#8221; animation_delay=&#8221;200ms&#8221; animation_intensity_slide=&#8221;10%&#8221; locked=&#8221;off&#8221; global_colors_info=&#8221;{}&#8221;]<\/p>\n<p>Por transfer\u00eancia banc\u00e1ria:<br \/>IBAN: IT62H0306909606100000062488<\/p>\n<p>Ou escreva para <a href=\"mailto:info@vagaluna.it\">info@vagaluna.it<\/a><\/p>\n<p>[\/et_pb_text][et_pb_text admin_label=&#8221;Sub Title&#8221; _builder_version=&#8221;4.19.5&#8243; text_font=&#8221;Roboto||||&#8221; text_text_color=&#8221;#1a1a1a&#8221; text_font_size=&#8221;24px&#8221; text_line_height=&#8221;1.4em&#8221; background_size=&#8221;initial&#8221; background_position=&#8221;top_left&#8221; background_repeat=&#8221;repeat&#8221; text_orientation=&#8221;center&#8221; max_width=&#8221;800px&#8221; module_alignment=&#8221;center&#8221; custom_margin=&#8221;|||&#8221; custom_padding=&#8221;30px|||&#8221; animation_style=&#8221;slide&#8221; animation_direction=&#8221;top&#8221; animation_delay=&#8221;200ms&#8221; animation_intensity_slide=&#8221;10%&#8221; locked=&#8221;off&#8221; global_colors_info=&#8221;{}&#8221;]<\/p>\n<p>Doa\u00e7\u00e3o via Paypal\/Cart\u00e3o:<\/p>\n<p>[\/et_pb_text][et_pb_button button_url=&#8221;https:\/\/www.paypal.com\/donate\/?hosted_button_id=8DMXAMVWFLHBJ&#8221; url_new_window=&#8221;on&#8221; button_text=&#8221;PAYPAL&#8221; button_alignment=&#8221;center&#8221; admin_label=&#8221;Gallery Button&#8221; _builder_version=&#8221;4.19.5&#8243; custom_button=&#8221;on&#8221; button_text_color=&#8221;#1a1a1a&#8221; button_border_radius=&#8221;0px&#8221; button_letter_spacing=&#8221;4px&#8221; button_font=&#8221;Oswald|on||on|&#8221; button_icon=&#8221;&#x24;||divi||400&#8243; button_icon_color=&#8221;#1a1a1a&#8221; button_border_color_hover=&#8221;#1a1a1a&#8221; button_border_radius_hover=&#8221;0px&#8221; button_letter_spacing_hover=&#8221;4px&#8221; button_bg_color_hover=&#8221;rgba(0,0,0,0)&#8221; global_colors_info=&#8221;{}&#8221; button_text_size__hover_enabled=&#8221;off&#8221; button_one_text_size__hover_enabled=&#8221;off&#8221; button_two_text_size__hover_enabled=&#8221;off&#8221; button_text_color__hover_enabled=&#8221;off&#8221; button_one_text_color__hover_enabled=&#8221;off&#8221; button_two_text_color__hover_enabled=&#8221;off&#8221; button_border_width__hover_enabled=&#8221;off&#8221; button_one_border_width__hover_enabled=&#8221;off&#8221; button_two_border_width__hover_enabled=&#8221;off&#8221; button_border_color__hover_enabled=&#8221;on&#8221; button_border_color__hover=&#8221;#1a1a1a&#8221; button_one_border_color__hover_enabled=&#8221;off&#8221; button_two_border_color__hover_enabled=&#8221;off&#8221; button_border_radius__hover_enabled=&#8221;on&#8221; button_border_radius__hover=&#8221;0px&#8221; button_one_border_radius__hover_enabled=&#8221;off&#8221; button_two_border_radius__hover_enabled=&#8221;off&#8221; button_letter_spacing__hover_enabled=&#8221;on&#8221; button_letter_spacing__hover=&#8221;4px&#8221; button_one_letter_spacing__hover_enabled=&#8221;off&#8221; button_two_letter_spacing__hover_enabled=&#8221;off&#8221; button_bg_color__hover_enabled=&#8221;on&#8221; button_bg_color__hover=&#8221;rgba(0,0,0,0)&#8221; button_one_bg_color__hover_enabled=&#8221;off&#8221; button_two_bg_color__hover_enabled=&#8221;off&#8221;][\/et_pb_button][\/et_pb_column][\/et_pb_row][\/et_pb_section][et_pb_section fb_built=&#8221;1&#8243; admin_label=&#8221;Promo Section&#8221; _builder_version=&#8221;4.19.4&#8243; background_color=&#8221;rgba(0,0,0,0.5)&#8221; background_image=&#8221;https:\/\/vagaluna.it\/wp-content\/uploads\/2023\/01\/newsletter-vagaluna-1.jpg&#8221; background_blend=&#8221;color&#8221; custom_padding=&#8221;120px||120px|&#8221; saved_tabs=&#8221;all&#8221; global_colors_info=&#8221;{}&#8221; global_module=&#8221;2867&#8243; theme_builder_area=&#8221;post_content&#8221;][et_pb_row _builder_version=&#8221;4.22.1&#8243; background_size=&#8221;initial&#8221; background_position=&#8221;top_left&#8221; background_repeat=&#8221;repeat&#8221; custom_margin=&#8221;|||&#8221; global_colors_info=&#8221;{}&#8221; theme_builder_area=&#8221;post_content&#8221;][et_pb_column type=&#8221;4_4&#8243; _builder_version=&#8221;4.16&#8243; custom_padding=&#8221;|||&#8221; global_colors_info=&#8221;{}&#8221; custom_padding__hover=&#8221;|||&#8221; theme_builder_area=&#8221;post_content&#8221;][et_pb_text admin_label=&#8221;CTA Section Subtitle&#8221; _builder_version=&#8221;4.22.1&#8243; text_font=&#8221;Roboto|on||on|&#8221; text_font_size=&#8221;24px&#8221; text_letter_spacing=&#8221;4px&#8221; background_size=&#8221;initial&#8221; background_position=&#8221;top_left&#8221; background_repeat=&#8221;repeat&#8221; background_layout=&#8221;dark&#8221; module_alignment=&#8221;center&#8221; animation_direction=&#8221;left&#8221; global_colors_info=&#8221;{}&#8221; theme_builder_area=&#8221;post_content&#8221;]<\/p>\n<p>Newsletter<\/p>\n<p>[\/et_pb_text][et_pb_divider color=&#8221;#ffffff&#8221; divider_position=&#8221;center&#8221; divider_weight=&#8221;3px&#8221; disabled_on=&#8221;on|on|off%22%22&#8243; _builder_version=&#8221;4.16&#8243; max_width=&#8221;150px&#8221; module_alignment=&#8221;left&#8221; height=&#8221;false&#8221; animation_style=&#8221;zoom&#8221; animation_direction=&#8221;left&#8221; animation_delay=&#8221;200ms&#8221; animation_intensity_zoom=&#8221;20%&#8221; locked=&#8221;off&#8221; global_colors_info=&#8221;{}&#8221; theme_builder_area=&#8221;post_content&#8221;][\/et_pb_divider][et_pb_button button_url=&#8221;@ET-DC@eyJkeW5hbWljIjp0cnVlLCJjb250ZW50IjoicG9zdF9saW5rX3VybF9wYWdlIiwic2V0dGluZ3MiOnsicG9zdF9pZCI6IjI4MjMifX0=@&#8221; button_text=&#8221;subscrever a newsletter&#8221; button_alignment=&#8221;left&#8221; admin_label=&#8221;Gallery Button&#8221; _builder_version=&#8221;4.22.1&#8243; _dynamic_attributes=&#8221;button_url&#8221; button_icon=&#8221;&#x24;||divi||400&#8243; button_icon_color=&#8221;#1a1a1a&#8221; background_layout=&#8221;dark&#8221; button_border_color_hover=&#8221;#1a1a1a&#8221; button_border_radius_hover=&#8221;0px&#8221; button_letter_spacing_hover=&#8221;4px&#8221; button_bg_color_hover=&#8221;rgba(0,0,0,0)&#8221; global_colors_info=&#8221;{}&#8221; button_text_size__hover_enabled=&#8221;off&#8221; button_one_text_size__hover_enabled=&#8221;off&#8221; button_two_text_size__hover_enabled=&#8221;off&#8221; button_text_color__hover_enabled=&#8221;off&#8221; button_one_text_color__hover_enabled=&#8221;off&#8221; button_two_text_color__hover_enabled=&#8221;off&#8221; button_border_width__hover_enabled=&#8221;off&#8221; button_one_border_width__hover_enabled=&#8221;off&#8221; button_two_border_width__hover_enabled=&#8221;off&#8221; button_border_color__hover_enabled=&#8221;on&#8221; button_border_color__hover=&#8221;#1a1a1a&#8221; button_one_border_color__hover_enabled=&#8221;off&#8221; button_two_border_color__hover_enabled=&#8221;off&#8221; button_border_radius__hover_enabled=&#8221;on&#8221; button_border_radius__hover=&#8221;0px&#8221; button_one_border_radius__hover_enabled=&#8221;off&#8221; button_two_border_radius__hover_enabled=&#8221;off&#8221; button_letter_spacing__hover_enabled=&#8221;on&#8221; button_letter_spacing__hover=&#8221;4px&#8221; button_one_letter_spacing__hover_enabled=&#8221;off&#8221; button_two_letter_spacing__hover_enabled=&#8221;off&#8221; button_bg_color__hover_enabled=&#8221;on&#8221; button_bg_color__hover=&#8221;rgba(0,0,0,0)&#8221; button_one_bg_color__hover_enabled=&#8221;off&#8221; button_two_bg_color__hover_enabled=&#8221;off&#8221; theme_builder_area=&#8221;post_content&#8221;][\/et_pb_button][\/et_pb_column][\/et_pb_row][\/et_pb_section]<\/p>\n","protected":false},"excerpt":{"rendered":"<p>Apoie-nosVagaluna conta com o apoio de particulares, empresas e institui\u00e7\u00f5es p\u00fablicas e privadas para a realiza\u00e7\u00e3o dos seus projetos.Se voc\u00ea tamb\u00e9m acredita que a cultura \u00e9 um valor fundamental a ser promovido e protegido, apoie Vagaluna. &nbsp;Apoie, junto a n\u00f3s, o cinema independente e a divulga\u00e7\u00e3o da cultura brasileira na It\u00e1lia. A sua contribui\u00e7\u00e3o \u00e9 [&hellip;]<\/p>\n","protected":false},"author":1,"featured_media":2192,"parent":0,"menu_order":0,"comment_status":"closed","ping_status":"closed","template":"","meta":{"_et_pb_use_builder":"on","_et_pb_old_content":"","_et_gb_content_width":"","footnotes":""},"class_list":["post-390","page","type-page","status-publish","has-post-thumbnail","hentry"],"yoast_head":"<!-- This site is optimized with the Yoast SEO plugin v26.9 - https:\/\/yoast.com\/product\/yoast-seo-wordpress\/ -->\n<title>Apoie-nos - Vagaluna<\/title>\n<meta name=\"robots\" content=\"index, follow, max-snippet:-1, max-image-preview:large, max-video-preview:-1\" \/>\n<link rel=\"canonical\" href=\"https:\/\/vagaluna.it\/pt-br\/apoie-nos\/\" \/>\n<meta property=\"og:locale\" content=\"pt_BR\" \/>\n<meta property=\"og:type\" content=\"article\" \/>\n<meta property=\"og:title\" content=\"Apoie-nos - Vagaluna\" \/>\n<meta property=\"og:description\" content=\"Apoie-nosVagaluna conta com o apoio de particulares, empresas e institui\u00e7\u00f5es p\u00fablicas e privadas para a realiza\u00e7\u00e3o dos seus projetos.Se voc\u00ea tamb\u00e9m acredita que a cultura \u00e9 um valor fundamental a ser promovido e protegido, apoie Vagaluna. &nbsp;Apoie, junto a n\u00f3s, o cinema independente e a divulga\u00e7\u00e3o da cultura brasileira na It\u00e1lia. A sua contribui\u00e7\u00e3o \u00e9 [&hellip;]\" \/>\n<meta property=\"og:url\" content=\"https:\/\/vagaluna.it\/pt-br\/apoie-nos\/\" \/>\n<meta property=\"og:site_name\" content=\"Vagaluna\" \/>\n<meta property=\"article:modified_time\" content=\"2024-01-05T15:44:28+00:00\" \/>\n<meta property=\"og:image\" content=\"https:\/\/vagaluna.it\/wp-content\/uploads\/2023\/08\/AGENDA-BRASIL_VII\u00b0-FICB_0272-copia.jpg\" \/>\n\t<meta property=\"og:image:width\" content=\"1000\" \/>\n\t<meta property=\"og:image:height\" content=\"480\" \/>\n\t<meta property=\"og:image:type\" content=\"image\/jpeg\" \/>\n<meta name=\"twitter:card\" content=\"summary_large_image\" \/>\n<meta name=\"twitter:label1\" content=\"Est. tempo de leitura\" \/>\n\t<meta name=\"twitter:data1\" content=\"3 minutos\" \/>\n<script type=\"application\/ld+json\" class=\"yoast-schema-graph\">{\"@context\":\"https:\/\/schema.org\",\"@graph\":[{\"@type\":\"WebPage\",\"@id\":\"https:\/\/vagaluna.it\/pt-br\/apoie-nos\/\",\"url\":\"https:\/\/vagaluna.it\/pt-br\/apoie-nos\/\",\"name\":\"Apoie-nos - Vagaluna\",\"isPartOf\":{\"@id\":\"https:\/\/vagaluna.it\/pt-br\/#website\"},\"primaryImageOfPage\":{\"@id\":\"https:\/\/vagaluna.it\/pt-br\/apoie-nos\/#primaryimage\"},\"image\":{\"@id\":\"https:\/\/vagaluna.it\/pt-br\/apoie-nos\/#primaryimage\"},\"thumbnailUrl\":\"https:\/\/vagaluna.it\/wp-content\/uploads\/2023\/08\/AGENDA-BRASIL_VII\u00b0-FICB_0272-copia.jpg\",\"datePublished\":\"2023-01-27T11:17:51+00:00\",\"dateModified\":\"2024-01-05T15:44:28+00:00\",\"breadcrumb\":{\"@id\":\"https:\/\/vagaluna.it\/pt-br\/apoie-nos\/#breadcrumb\"},\"inLanguage\":\"pt-BR\",\"potentialAction\":[{\"@type\":\"ReadAction\",\"target\":[\"https:\/\/vagaluna.it\/pt-br\/apoie-nos\/\"]}]},{\"@type\":\"ImageObject\",\"inLanguage\":\"pt-BR\",\"@id\":\"https:\/\/vagaluna.it\/pt-br\/apoie-nos\/#primaryimage\",\"url\":\"https:\/\/vagaluna.it\/wp-content\/uploads\/2023\/08\/AGENDA-BRASIL_VII\u00b0-FICB_0272-copia.jpg\",\"contentUrl\":\"https:\/\/vagaluna.it\/wp-content\/uploads\/2023\/08\/AGENDA-BRASIL_VII\u00b0-FICB_0272-copia.jpg\",\"width\":1000,\"height\":480},{\"@type\":\"BreadcrumbList\",\"@id\":\"https:\/\/vagaluna.it\/pt-br\/apoie-nos\/#breadcrumb\",\"itemListElement\":[{\"@type\":\"ListItem\",\"position\":1,\"name\":\"Home\",\"item\":\"https:\/\/vagaluna.it\/pt-br\/home\/\"},{\"@type\":\"ListItem\",\"position\":2,\"name\":\"Apoie-nos\"}]},{\"@type\":\"WebSite\",\"@id\":\"https:\/\/vagaluna.it\/pt-br\/#website\",\"url\":\"https:\/\/vagaluna.it\/pt-br\/\",\"name\":\"Vagaluna\",\"description\":\"Vagaluna\",\"publisher\":{\"@id\":\"https:\/\/vagaluna.it\/pt-br\/#organization\"},\"potentialAction\":[{\"@type\":\"SearchAction\",\"target\":{\"@type\":\"EntryPoint\",\"urlTemplate\":\"https:\/\/vagaluna.it\/pt-br\/?s={search_term_string}\"},\"query-input\":{\"@type\":\"PropertyValueSpecification\",\"valueRequired\":true,\"valueName\":\"search_term_string\"}}],\"inLanguage\":\"pt-BR\"},{\"@type\":\"Organization\",\"@id\":\"https:\/\/vagaluna.it\/pt-br\/#organization\",\"name\":\"Vagaluna\",\"url\":\"https:\/\/vagaluna.it\/pt-br\/\",\"logo\":{\"@type\":\"ImageObject\",\"inLanguage\":\"pt-BR\",\"@id\":\"https:\/\/vagaluna.it\/pt-br\/#\/schema\/logo\/image\/\",\"url\":\"https:\/\/vagaluna.it\/wp-content\/uploads\/2023\/01\/cropped-vagaluna_logo_trasparente-2-300x81-1.png\",\"contentUrl\":\"https:\/\/vagaluna.it\/wp-content\/uploads\/2023\/01\/cropped-vagaluna_logo_trasparente-2-300x81-1.png\",\"width\":300,\"height\":81,\"caption\":\"Vagaluna\"},\"image\":{\"@id\":\"https:\/\/vagaluna.it\/pt-br\/#\/schema\/logo\/image\/\"}}]}<\/script>\n<!-- \/ Yoast SEO plugin. -->","yoast_head_json":{"title":"Apoie-nos - Vagaluna","robots":{"index":"index","follow":"follow","max-snippet":"max-snippet:-1","max-image-preview":"max-image-preview:large","max-video-preview":"max-video-preview:-1"},"canonical":"https:\/\/vagaluna.it\/pt-br\/apoie-nos\/","og_locale":"pt_BR","og_type":"article","og_title":"Apoie-nos - Vagaluna","og_description":"Apoie-nosVagaluna conta com o apoio de particulares, empresas e institui\u00e7\u00f5es p\u00fablicas e privadas para a realiza\u00e7\u00e3o dos seus projetos.Se voc\u00ea tamb\u00e9m acredita que a cultura \u00e9 um valor fundamental a ser promovido e protegido, apoie Vagaluna. &nbsp;Apoie, junto a n\u00f3s, o cinema independente e a divulga\u00e7\u00e3o da cultura brasileira na It\u00e1lia. A sua contribui\u00e7\u00e3o \u00e9 [&hellip;]","og_url":"https:\/\/vagaluna.it\/pt-br\/apoie-nos\/","og_site_name":"Vagaluna","article_modified_time":"2024-01-05T15:44:28+00:00","og_image":[{"width":1000,"height":480,"url":"https:\/\/vagaluna.it\/wp-content\/uploads\/2023\/08\/AGENDA-BRASIL_VII\u00b0-FICB_0272-copia.jpg","type":"image\/jpeg"}],"twitter_card":"summary_large_image","twitter_misc":{"Est. tempo de leitura":"3 minutos"},"schema":{"@context":"https:\/\/schema.org","@graph":[{"@type":"WebPage","@id":"https:\/\/vagaluna.it\/pt-br\/apoie-nos\/","url":"https:\/\/vagaluna.it\/pt-br\/apoie-nos\/","name":"Apoie-nos - Vagaluna","isPartOf":{"@id":"https:\/\/vagaluna.it\/pt-br\/#website"},"primaryImageOfPage":{"@id":"https:\/\/vagaluna.it\/pt-br\/apoie-nos\/#primaryimage"},"image":{"@id":"https:\/\/vagaluna.it\/pt-br\/apoie-nos\/#primaryimage"},"thumbnailUrl":"https:\/\/vagaluna.it\/wp-content\/uploads\/2023\/08\/AGENDA-BRASIL_VII\u00b0-FICB_0272-copia.jpg","datePublished":"2023-01-27T11:17:51+00:00","dateModified":"2024-01-05T15:44:28+00:00","breadcrumb":{"@id":"https:\/\/vagaluna.it\/pt-br\/apoie-nos\/#breadcrumb"},"inLanguage":"pt-BR","potentialAction":[{"@type":"ReadAction","target":["https:\/\/vagaluna.it\/pt-br\/apoie-nos\/"]}]},{"@type":"ImageObject","inLanguage":"pt-BR","@id":"https:\/\/vagaluna.it\/pt-br\/apoie-nos\/#primaryimage","url":"https:\/\/vagaluna.it\/wp-content\/uploads\/2023\/08\/AGENDA-BRASIL_VII\u00b0-FICB_0272-copia.jpg","contentUrl":"https:\/\/vagaluna.it\/wp-content\/uploads\/2023\/08\/AGENDA-BRASIL_VII\u00b0-FICB_0272-copia.jpg","width":1000,"height":480},{"@type":"BreadcrumbList","@id":"https:\/\/vagaluna.it\/pt-br\/apoie-nos\/#breadcrumb","itemListElement":[{"@type":"ListItem","position":1,"name":"Home","item":"https:\/\/vagaluna.it\/pt-br\/home\/"},{"@type":"ListItem","position":2,"name":"Apoie-nos"}]},{"@type":"WebSite","@id":"https:\/\/vagaluna.it\/pt-br\/#website","url":"https:\/\/vagaluna.it\/pt-br\/","name":"Vagaluna","description":"Vagaluna","publisher":{"@id":"https:\/\/vagaluna.it\/pt-br\/#organization"},"potentialAction":[{"@type":"SearchAction","target":{"@type":"EntryPoint","urlTemplate":"https:\/\/vagaluna.it\/pt-br\/?s={search_term_string}"},"query-input":{"@type":"PropertyValueSpecification","valueRequired":true,"valueName":"search_term_string"}}],"inLanguage":"pt-BR"},{"@type":"Organization","@id":"https:\/\/vagaluna.it\/pt-br\/#organization","name":"Vagaluna","url":"https:\/\/vagaluna.it\/pt-br\/","logo":{"@type":"ImageObject","inLanguage":"pt-BR","@id":"https:\/\/vagaluna.it\/pt-br\/#\/schema\/logo\/image\/","url":"https:\/\/vagaluna.it\/wp-content\/uploads\/2023\/01\/cropped-vagaluna_logo_trasparente-2-300x81-1.png","contentUrl":"https:\/\/vagaluna.it\/wp-content\/uploads\/2023\/01\/cropped-vagaluna_logo_trasparente-2-300x81-1.png","width":300,"height":81,"caption":"Vagaluna"},"image":{"@id":"https:\/\/vagaluna.it\/pt-br\/#\/schema\/logo\/image\/"}}]}},"_links":{"self":[{"href":"https:\/\/vagaluna.it\/pt-br\/wp-json\/wp\/v2\/pages\/390","targetHints":{"allow":["GET"]}}],"collection":[{"href":"https:\/\/vagaluna.it\/pt-br\/wp-json\/wp\/v2\/pages"}],"about":[{"href":"https:\/\/vagaluna.it\/pt-br\/wp-json\/wp\/v2\/types\/page"}],"author":[{"embeddable":true,"href":"https:\/\/vagaluna.it\/pt-br\/wp-json\/wp\/v2\/users\/1"}],"replies":[{"embeddable":true,"href":"https:\/\/vagaluna.it\/pt-br\/wp-json\/wp\/v2\/comments?post=390"}],"version-history":[{"count":48,"href":"https:\/\/vagaluna.it\/pt-br\/wp-json\/wp\/v2\/pages\/390\/revisions"}],"predecessor-version":[{"id":2877,"href":"https:\/\/vagaluna.it\/pt-br\/wp-json\/wp\/v2\/pages\/390\/revisions\/2877"}],"wp:featuredmedia":[{"embeddable":true,"href":"https:\/\/vagaluna.it\/pt-br\/wp-json\/wp\/v2\/media\/2192"}],"wp:attachment":[{"href":"https:\/\/vagaluna.it\/pt-br\/wp-json\/wp\/v2\/media?parent=390"}],"curies":[{"name":"wp","href":"https:\/\/api.w.org\/{rel}","templated":true}]}}